{"id":3812,"date":"2022-09-16T09:26:56","date_gmt":"2022-09-16T09:26:56","guid":{"rendered":"https:\/\/wenetwork.fr\/technical-center\/"},"modified":"2024-10-30T16:07:13","modified_gmt":"2024-10-30T16:07:13","slug":"technical-center","status":"publish","type":"page","link":"https:\/\/wenetwork.fr\/en\/technical-center\/","title":{"rendered":"technical center"},"content":{"rendered":"<h2>Accelerating industry in France thanks to electronics and IoT<\/h2>\n<h3>We Network is the technical center for electronics and IoT<\/h3>\n<p>L&#8217;\u00e9lectronique est le socle industriel de la transformation digitale des entreprises. <span style=\"color: #1dd6bb;\">Il ne peux pas y avoir <\/span><span style=\"color: #1dd6bb;\">d&#8217;IoT<\/span> <span style=\"color: #1dd6bb;\">ou de digitalisation sans hardware<\/span>. Le leadership et la comp\u00e9titivit\u00e9 de la fili\u00e8re \u00e9lectronique fran\u00e7aise est donc strat\u00e9gique pour le renouveau industriel fran\u00e7ais. C&#8217;est dans ce sens qu&#8217;a \u00e9t\u00e9 cr\u00e9\u00e9 We Network en 2014. Un v\u00e9ritable tiers de confiance pour les entreprises.    <\/p>\n<p>&nbsp;<\/p>\n<p>&nbsp;<\/p>\n","protected":false},"excerpt":{"rendered":"<p>Accelerating industry in France thanks to electronics and IoT We Network is the technical center for electronics and IoT L&#8217;\u00e9lectronique est le socle industriel de la transformation digitale des entreprises. Il ne peux pas y avoir d&#8217;IoT ou de digitalisation sans hardware. Le&#8230; <br \/><a class=\"readmore\" href=\"https:\/\/wenetwork.fr\/en\/technical-center\/\">Lire la suite<\/a><\/p>\n","protected":false},"author":1,"featured_media":1865,"parent":0,"menu_order":0,"comment_status":"closed","ping_status":"closed","template":"","meta":{"footnotes":""},"class_list":["post-3812","page","type-page","status-publish","has-post-thumbnail","hentry"],"yoast_head":"<!-- This site is optimized with the Yoast SEO plugin v27.6 - https:\/\/yoast.com\/product\/yoast-seo-wordpress\/ -->\n<title>technical center | We network<\/title>\n<meta name=\"description\" content=\"We Network is the technical center for electronics and iot! Its mission? Accelerate industry in France thanks to electronics and iot\" \/>\n<meta name=\"robots\" content=\"index, follow, max-snippet:-1, max-image-preview:large, max-video-preview:-1\" \/>\n<link rel=\"canonical\" href=\"https:\/\/wenetwork.fr\/en\/technical-center\/\" \/>\n<meta property=\"og:locale\" content=\"en_US\" \/>\n<meta property=\"og:type\" content=\"article\" \/>\n<meta property=\"og:title\" content=\"technical center | We network\" \/>\n<meta property=\"og:description\" content=\"We Network is the technical center for electronics and iot! Its mission? Accelerate industry in France thanks to electronics and iot\" \/>\n<meta property=\"og:url\" content=\"https:\/\/wenetwork.fr\/en\/technical-center\/\" \/>\n<meta property=\"og:site_name\" content=\"We network\" \/>\n<meta property=\"article:modified_time\" content=\"2024-10-30T16:07:13+00:00\" \/>\n<meta property=\"og:image\" content=\"https:\/\/wenetwork.fr\/wp-content\/uploads\/2022\/10\/centre-technique.jpg\" \/>\n\t<meta property=\"og:image:width\" content=\"1845\" \/>\n\t<meta property=\"og:image:height\" content=\"600\" \/>\n\t<meta property=\"og:image:type\" content=\"image\/jpeg\" \/>\n<meta name=\"twitter:card\" content=\"summary_large_image\" \/>\n<script type=\"application\/ld+json\" class=\"yoast-schema-graph\">{\"@context\":\"https:\\\/\\\/schema.org\",\"@graph\":[{\"@type\":\"WebPage\",\"@id\":\"https:\\\/\\\/wenetwork.fr\\\/en\\\/technical-center\\\/\",\"url\":\"https:\\\/\\\/wenetwork.fr\\\/en\\\/technical-center\\\/\",\"name\":\"technical center | We network\",\"isPartOf\":{\"@id\":\"https:\\\/\\\/wenetwork.fr\\\/en\\\/#website\"},\"primaryImageOfPage\":{\"@id\":\"https:\\\/\\\/wenetwork.fr\\\/en\\\/technical-center\\\/#primaryimage\"},\"image\":{\"@id\":\"https:\\\/\\\/wenetwork.fr\\\/en\\\/technical-center\\\/#primaryimage\"},\"thumbnailUrl\":\"https:\\\/\\\/wenetwork.fr\\\/wp-content\\\/uploads\\\/2022\\\/10\\\/centre-technique.jpg\",\"datePublished\":\"2022-09-16T09:26:56+00:00\",\"dateModified\":\"2024-10-30T16:07:13+00:00\",\"description\":\"We Network is the technical center for electronics and iot! Its mission? Accelerate industry in France thanks to electronics and iot\",\"breadcrumb\":{\"@id\":\"https:\\\/\\\/wenetwork.fr\\\/en\\\/technical-center\\\/#breadcrumb\"},\"inLanguage\":\"en-US\",\"potentialAction\":[{\"@type\":\"ReadAction\",\"target\":[\"https:\\\/\\\/wenetwork.fr\\\/en\\\/technical-center\\\/\"]}]},{\"@type\":\"ImageObject\",\"inLanguage\":\"en-US\",\"@id\":\"https:\\\/\\\/wenetwork.fr\\\/en\\\/technical-center\\\/#primaryimage\",\"url\":\"https:\\\/\\\/wenetwork.fr\\\/wp-content\\\/uploads\\\/2022\\\/10\\\/centre-technique.jpg\",\"contentUrl\":\"https:\\\/\\\/wenetwork.fr\\\/wp-content\\\/uploads\\\/2022\\\/10\\\/centre-technique.jpg\",\"width\":1845,\"height\":600},{\"@type\":\"BreadcrumbList\",\"@id\":\"https:\\\/\\\/wenetwork.fr\\\/en\\\/technical-center\\\/#breadcrumb\",\"itemListElement\":[{\"@type\":\"ListItem\",\"position\":1,\"name\":\"Accueil\",\"item\":\"https:\\\/\\\/wenetwork.fr\\\/en\\\/\"},{\"@type\":\"ListItem\",\"position\":2,\"name\":\"technical center\"}]},{\"@type\":\"WebSite\",\"@id\":\"https:\\\/\\\/wenetwork.fr\\\/en\\\/#website\",\"url\":\"https:\\\/\\\/wenetwork.fr\\\/en\\\/\",\"name\":\"We Network\",\"description\":\"\",\"publisher\":{\"@id\":\"https:\\\/\\\/wenetwork.fr\\\/en\\\/#organization\"},\"potentialAction\":[{\"@type\":\"SearchAction\",\"target\":{\"@type\":\"EntryPoint\",\"urlTemplate\":\"https:\\\/\\\/wenetwork.fr\\\/en\\\/?s={search_term_string}\"},\"query-input\":{\"@type\":\"PropertyValueSpecification\",\"valueRequired\":true,\"valueName\":\"search_term_string\"}}],\"inLanguage\":\"en-US\"},{\"@type\":\"Organization\",\"@id\":\"https:\\\/\\\/wenetwork.fr\\\/en\\\/#organization\",\"name\":\"We Network\",\"url\":\"https:\\\/\\\/wenetwork.fr\\\/en\\\/\",\"logo\":{\"@type\":\"ImageObject\",\"inLanguage\":\"en-US\",\"@id\":\"https:\\\/\\\/wenetwork.fr\\\/en\\\/#\\\/schema\\\/logo\\\/image\\\/\",\"url\":\"https:\\\/\\\/wenetwork.fr\\\/wp-content\\\/uploads\\\/2022\\\/10\\\/favicon-wenetwork-2.png\",\"contentUrl\":\"https:\\\/\\\/wenetwork.fr\\\/wp-content\\\/uploads\\\/2022\\\/10\\\/favicon-wenetwork-2.png\",\"width\":512,\"height\":512,\"caption\":\"We Network\"},\"image\":{\"@id\":\"https:\\\/\\\/wenetwork.fr\\\/en\\\/#\\\/schema\\\/logo\\\/image\\\/\"},\"sameAs\":[\"https:\\\/\\\/fr.linkedin.com\\\/company\\\/wenetwork\",\"https:\\\/\\\/www.youtube.com\\\/channel\\\/UC0bfGskiGF4nf4O07HiAasQ\"]}]}<\/script>\n<!-- \/ Yoast SEO plugin. -->","yoast_head_json":{"title":"technical center | We network","description":"We Network is the technical center for electronics and iot! Its mission? Accelerate industry in France thanks to electronics and iot","robots":{"index":"index","follow":"follow","max-snippet":"max-snippet:-1","max-image-preview":"max-image-preview:large","max-video-preview":"max-video-preview:-1"},"canonical":"https:\/\/wenetwork.fr\/en\/technical-center\/","og_locale":"en_US","og_type":"article","og_title":"technical center | We network","og_description":"We Network is the technical center for electronics and iot! Its mission? Accelerate industry in France thanks to electronics and iot","og_url":"https:\/\/wenetwork.fr\/en\/technical-center\/","og_site_name":"We network","article_modified_time":"2024-10-30T16:07:13+00:00","og_image":[{"width":1845,"height":600,"url":"https:\/\/wenetwork.fr\/wp-content\/uploads\/2022\/10\/centre-technique.jpg","type":"image\/jpeg"}],"twitter_card":"summary_large_image","schema":{"@context":"https:\/\/schema.org","@graph":[{"@type":"WebPage","@id":"https:\/\/wenetwork.fr\/en\/technical-center\/","url":"https:\/\/wenetwork.fr\/en\/technical-center\/","name":"technical center | We network","isPartOf":{"@id":"https:\/\/wenetwork.fr\/en\/#website"},"primaryImageOfPage":{"@id":"https:\/\/wenetwork.fr\/en\/technical-center\/#primaryimage"},"image":{"@id":"https:\/\/wenetwork.fr\/en\/technical-center\/#primaryimage"},"thumbnailUrl":"https:\/\/wenetwork.fr\/wp-content\/uploads\/2022\/10\/centre-technique.jpg","datePublished":"2022-09-16T09:26:56+00:00","dateModified":"2024-10-30T16:07:13+00:00","description":"We Network is the technical center for electronics and iot! Its mission? Accelerate industry in France thanks to electronics and iot","breadcrumb":{"@id":"https:\/\/wenetwork.fr\/en\/technical-center\/#breadcrumb"},"inLanguage":"en-US","potentialAction":[{"@type":"ReadAction","target":["https:\/\/wenetwork.fr\/en\/technical-center\/"]}]},{"@type":"ImageObject","inLanguage":"en-US","@id":"https:\/\/wenetwork.fr\/en\/technical-center\/#primaryimage","url":"https:\/\/wenetwork.fr\/wp-content\/uploads\/2022\/10\/centre-technique.jpg","contentUrl":"https:\/\/wenetwork.fr\/wp-content\/uploads\/2022\/10\/centre-technique.jpg","width":1845,"height":600},{"@type":"BreadcrumbList","@id":"https:\/\/wenetwork.fr\/en\/technical-center\/#breadcrumb","itemListElement":[{"@type":"ListItem","position":1,"name":"Accueil","item":"https:\/\/wenetwork.fr\/en\/"},{"@type":"ListItem","position":2,"name":"technical center"}]},{"@type":"WebSite","@id":"https:\/\/wenetwork.fr\/en\/#website","url":"https:\/\/wenetwork.fr\/en\/","name":"We Network","description":"","publisher":{"@id":"https:\/\/wenetwork.fr\/en\/#organization"},"potentialAction":[{"@type":"SearchAction","target":{"@type":"EntryPoint","urlTemplate":"https:\/\/wenetwork.fr\/en\/?s={search_term_string}"},"query-input":{"@type":"PropertyValueSpecification","valueRequired":true,"valueName":"search_term_string"}}],"inLanguage":"en-US"},{"@type":"Organization","@id":"https:\/\/wenetwork.fr\/en\/#organization","name":"We Network","url":"https:\/\/wenetwork.fr\/en\/","logo":{"@type":"ImageObject","inLanguage":"en-US","@id":"https:\/\/wenetwork.fr\/en\/#\/schema\/logo\/image\/","url":"https:\/\/wenetwork.fr\/wp-content\/uploads\/2022\/10\/favicon-wenetwork-2.png","contentUrl":"https:\/\/wenetwork.fr\/wp-content\/uploads\/2022\/10\/favicon-wenetwork-2.png","width":512,"height":512,"caption":"We Network"},"image":{"@id":"https:\/\/wenetwork.fr\/en\/#\/schema\/logo\/image\/"},"sameAs":["https:\/\/fr.linkedin.com\/company\/wenetwork","https:\/\/www.youtube.com\/channel\/UC0bfGskiGF4nf4O07HiAasQ"]}]}},"_links":{"self":[{"href":"https:\/\/wenetwork.fr\/en\/wp-json\/wp\/v2\/pages\/3812","targetHints":{"allow":["GET"]}}],"collection":[{"href":"https:\/\/wenetwork.fr\/en\/wp-json\/wp\/v2\/pages"}],"about":[{"href":"https:\/\/wenetwork.fr\/en\/wp-json\/wp\/v2\/types\/page"}],"author":[{"embeddable":true,"href":"https:\/\/wenetwork.fr\/en\/wp-json\/wp\/v2\/users\/1"}],"replies":[{"embeddable":true,"href":"https:\/\/wenetwork.fr\/en\/wp-json\/wp\/v2\/comments?post=3812"}],"version-history":[{"count":1,"href":"https:\/\/wenetwork.fr\/en\/wp-json\/wp\/v2\/pages\/3812\/revisions"}],"predecessor-version":[{"id":3814,"href":"https:\/\/wenetwork.fr\/en\/wp-json\/wp\/v2\/pages\/3812\/revisions\/3814"}],"wp:featuredmedia":[{"embeddable":true,"href":"https:\/\/wenetwork.fr\/en\/wp-json\/wp\/v2\/media\/1865"}],"wp:attachment":[{"href":"https:\/\/wenetwork.fr\/en\/wp-json\/wp\/v2\/media?parent=3812"}],"curies":[{"name":"wp","href":"https:\/\/api.w.org\/{rel}","templated":true}]}}